{"id":24685,"date":"2020-01-30T15:13:58","date_gmt":"2020-01-30T18:13:58","guid":{"rendered":"https:\/\/asisengenharia.com.br\/?page_id=24685"},"modified":"2021-05-24T10:57:40","modified_gmt":"2021-05-24T13:57:40","slug":"politica-de-privacidade","status":"publish","type":"page","link":"https:\/\/asisengenharia.com.br\/index.php\/politica-de-privacidade\/","title":{"rendered":"Pol\u00edtica de Privacidade"},"content":{"rendered":"\n[et_pb_section fb_built=&#8221;1&#8243; admin_label=&#8221;Hero&#8221; module_id=&#8221;bemvindo&#8221; _builder_version=&#8221;4.2.2&#8243; background_color=&#8221;#b40404&#8243; background_enable_image=&#8221;off&#8221; custom_padding=&#8221;21px||21px||true|false&#8221; link_option_url=&#8221;https:\/\/www.asisengenharia.com.br&#8221;][et_pb_row _builder_version=&#8221;3.26.6&#8243; custom_padding=&#8221;0px||0px|||&#8221;][et_pb_column type=&#8221;4_4&#8243; _builder_version=&#8221;3.26.6&#8243;][et_pb_text _builder_version=&#8221;3.27.4&#8243; text_font=&#8221;||||||||&#8221; header_font=&#8221;||||||||&#8221; header_2_font=&#8221;Rubik|700|||||||&#8221; header_2_font_size=&#8221;42px&#8221; header_2_line_height=&#8221;1.2em&#8221; module_alignment=&#8221;center&#8221; min_height=&#8221;28px&#8221; custom_margin=&#8221;||-1px|||&#8221; custom_padding=&#8221;||0px|||&#8221; header_2_font_size_tablet=&#8221;&#8221; header_2_font_size_phone=&#8221;36px&#8221; header_2_font_size_last_edited=&#8221;on|phone&#8221; locked=&#8221;off&#8221;]<h2><span color=\"#ffffff\" style=\"color: #ffffff;\">Pol\u00edtica de Privacidade<br \/><span style=\"font-size: medium;\">2020.3 P.P. ASIS &#8211; atualizada em 09\/03\/2020<\/span><\/span><\/h2>[\/et_pb_text][et_pb_divider color=&#8221;#fdd700&#8243; divider_position=&#8221;center&#8221; divider_weight=&#8221;5px&#8221; _builder_version=&#8221;3.26.6&#8243; background_color=&#8221;rgba(0,0,0,0)&#8221; max_width=&#8221;50px&#8221;][\/et_pb_divider][\/et_pb_column][\/et_pb_row][\/et_pb_section][et_pb_section fb_built=&#8221;1&#8243; module_id=&#8221;cadastrar&#8221; _builder_version=&#8221;3.26.6&#8243;][et_pb_row column_structure=&#8221;1_2,1_2&#8243; _builder_version=&#8221;4.2.2&#8243;][et_pb_column type=&#8221;1_2&#8243; _builder_version=&#8221;4.2.2&#8243;][et_pb_text _builder_version=&#8221;4.2.2&#8243;]<h4 style=\"text-align: left;\">1. SOBRE ESTA POL\u00cdTICA<\/h4>\n<p style=\"text-align: left;\">N\u00f3s da Asis Engenharia, reconhecemos que a sua privacidade \u00e9 muito importante, portanto, tomamos todas as medidas poss\u00edveis para proteg\u00ea-la, assumindo a responsabilidade de tratar os seus dados pessoais de forma \u00edntegra.<\/p>\n<p style=\"text-align: left;\"><span style=\"font-size: 14px;\">Nesse sentido, a presente Pol\u00edtica de Privacidade (\u201cPol\u00edtica\u201d) visa lhe informar como as suas informa\u00e7\u00f5es e dados ser\u00e3o coletados (<span>por meio do nosso <\/span><em>Site <\/em><a href=\"https:\/\/www.asisengenharia.com.br\" target=\"_blank\" rel=\"noopener noreferrer\"><span style=\"text-decoration: underline;\"><strong>www.asisengenharia.com.br<\/strong><\/span><\/a><em>)<\/em>, usados, compartilhados e armazenados<\/span><span style=\"font-size: 14px;\">.<\/span><\/p>\n<p style=\"text-align: left;\">O aceite da nossa Pol\u00edtica \u00e9 feito quando voc\u00ea (\u201cTitular\u201d) d\u00e1 o consentimento marcando a caixa denominada &#8220;<strong>Pol\u00edtica de Privacidade &#8211; Li e concordo com a Pol\u00edtica de Privacidade da Asis Engenharia<\/strong>&#8221; ao nos contatar pelo <em>Site<\/em>. Isso indicar\u00e1 que voc\u00ea est\u00e1 ciente e de acordo com a forma como utilizamos as suas informa\u00e7\u00f5es e seus dados.<\/p>\n<p style=\"text-align: left;\">Para facilitar sua compreens\u00e3o, a presente Pol\u00edtica est\u00e1 dividida da seguinte forma:<span style=\"font-size: 14px;\">\u00a0<\/span><\/p>\n<ul style=\"text-align: left;\">\n<li><b>Informa\u00e7\u00f5es sobre a organiza\u00e7\u00e3o respons\u00e1vel pelo tratamento dos dados<\/b><\/li>\n<li><b>Quem s\u00e3o os agentes de tratamento dos dados?<\/b><\/li>\n<li><b>Quais dados pessoais a Asis Engenharia coleta?<\/b><\/li>\n<li><b style=\"font-size: 14px;\">Por que coletamos essas informa\u00e7\u00f5es?<\/b><\/li>\n<li><b>Como armazenamos essas informa\u00e7\u00f5es?<\/b><\/li>\n<li><b>Compartilhamento de Dados<\/b><\/li>\n<li><b>Durante quanto tempo conservamos os seus dados pessoais?<\/b><\/li>\n<li><b>Atualiza\u00e7\u00f5es da Pol\u00edtica de Privacidade<\/b><\/li>\n<li><em><b>Cookies<\/b><\/em><\/li>\n<li><b>Lei Aplic\u00e1vel<\/b><\/li>\n<li><b>Seus direitos<\/b><\/li>\n<li><b>Como voc\u00ea pode entrar em contato conosco?<\/b><\/li>\n<\/ul>\n<h4 style=\"text-align: left;\">2. INFORMA\u00c7\u00d5ES SOBRE A ORGANIZA\u00c7\u00c3O RESPONS\u00c1VEL PELO TRATAMENTO DOS DADOS<\/h4>\n<p style=\"text-align: left;\">Asis Engenharia Ltda. &#8211; CNPJ 34.056.799\/0001-50<\/p>\n<h4 style=\"text-align: left;\">3. QUEM S\u00c3O OS AGENTES DE TRATAMENTO DOS DADOS?<\/h4>\n<p style=\"text-align: left;\">Os agentes de tratamento s\u00e3o os s\u00f3cios-administradores da Asis Engenharia Ltda. (&#8220;Asis Engenharia&#8221;).<span style=\"font-size: 14px;\">\u00a0<\/span><\/p>\n<h4 style=\"text-align: left;\">4. QUAIS DADOS PESSOAIS A ASIS ENGENHARIA COLETA?<\/h4>\n<p style=\"text-align: left;\"><span style=\"font-size: 14px;\">Para efeitos desta Pol\u00edtica, a Asis Engenharia coleta todas as informa\u00e7\u00f5es inseridas por voc\u00ea, Titular, no contexto da sua utiliza\u00e7\u00e3o do <em>Site<\/em>, como, por exemplo, no preenchimento dos formul\u00e1rios de contato que disponibilizamos\u00a0na se\u00e7\u00e3o &#8220;Contate-nos&#8221; ou na se\u00e7\u00e3o &#8220;Trabalhe Conosco&#8221;.<\/span><\/p>\n<p style=\"text-align: left;\"><span style=\"font-size: 14px;\">Portanto, em s\u00edntese, coletamos todas as informa\u00e7\u00f5es ativamente disponibilizadas pelo Titular na utiliza\u00e7\u00e3o do nosso <\/span><em style=\"font-size: 14px;\">Site<\/em><span style=\"font-size: 14px;\">.<\/span><\/p>\n<h4 style=\"text-align: left;\">5. POR QUE COLETAMOS ESSAS INFORMA\u00c7\u00d5ES?<\/h4>\n<p style=\"text-align: left;\">Todos os dados que coletamos com o consentimento do Titular s\u00e3o utilizados apenas internamente, para a presta\u00e7\u00e3o de nossos servi\u00e7os (<span>na se\u00e7\u00e3o &#8220;Contate-nos&#8221;)<\/span> ou para formar um banco de curr\u00edculos para eventuais processos de recrutamento e sele\u00e7\u00e3o (<span>na se\u00e7\u00e3o &#8220;Trabalhe Conosco&#8221;),\u00a0<\/span>sempre prezando pela sua privacidade. Por isso, todos os dados e informa\u00e7\u00f5es sobre voc\u00ea, Titular, s\u00e3o tratadas como confidenciais, e somente as usaremos para os fins aqui descritos e com o seu consentimento.<\/p>\n<p style=\"text-align: left;\">Al\u00e9m do descrito acima, utilizaremos seus dados para as seguintes finalidades:<\/p>\n<ul style=\"text-align: left;\">\n<li style=\"text-align: justify;\"><span style=\"font-size: 14px;\">Enviar notifica\u00e7\u00f5es no contexto da nossa presta\u00e7\u00e3o de servi\u00e7os, a exemplo da solicita\u00e7\u00e3o de or\u00e7amentos;<\/span><\/li>\n<li style=\"text-align: justify;\">Nos comunicar com voc\u00ea sobre os servi\u00e7os contratados, sobre propostas, sobre o processo de recrutamento e sele\u00e7\u00e3o, ou outros assuntos pertinentes;<\/li>\n<li style=\"text-align: justify;\">Para qualquer fim que voc\u00ea, como Titular, nos der o consentimento no momento da coleta de dados;<\/li>\n<li style=\"text-align: justify;\">Cumprir obriga\u00e7\u00f5es legais.<\/li>\n<\/ul>\n<h4 style=\"text-align: left;\">6. COMO ARMAZENAMOS ESSAS INFORMA\u00c7\u00d5ES?<\/h4>\n<p style=\"text-align: left;\">A Asis Engenharia empreende todos os esfor\u00e7os para garantir a seguran\u00e7a do nosso banco de dados. Portanto, todos esses dados s\u00e3o armazenadas em infraestruturas de computa\u00e7\u00e3o em nuvem (G Suite do Google Cloud) que obedecem rigorosos crit\u00e9rios de seguran\u00e7a e privacidade, com o reconhecimento e desempenho internacionais.<\/p>\n<p style=\"text-align: left;\">Portanto, para que tais medidas se tornem vi\u00e1veis tomamos as seguintes precau\u00e7\u00f5es:<\/p>\n<ul>\n<li style=\"text-align: left;\">Utilizar os m\u00e9todos padr\u00f5es e de mercado para anonimizar os dados coletados, quando necess\u00e1rio ou solicitado;<\/li>\n<li style=\"text-align: left;\">Contratar somente servi\u00e7os de armazenamento de dados em nuvem de empresas com alto grau de excel\u00eancia e seguran\u00e7a e com reconhecimento no mercado;<\/li>\n<li style=\"text-align: left;\">Aqueles que entrarem em contato com as informa\u00e7\u00f5es dever\u00e3o se comprometer a manter sigilo absoluto e utilizarem apenas para os fins que foram autorizados. A quebra do sigilo ou utiliza\u00e7\u00e3o indevida dos dados acarretar\u00e1 responsabilidade civil e o respons\u00e1vel ser\u00e1 processado nos moldes da legisla\u00e7\u00e3o brasileira.<\/li>\n<\/ul>[\/et_pb_text][\/et_pb_column][et_pb_column type=&#8221;1_2&#8243; _builder_version=&#8221;4.2.2&#8243;][et_pb_text _builder_version=&#8221;4.2.2&#8243; custom_padding=&#8221;||0px|||&#8221;]<h4 style=\"text-align: left;\">7. COMPARTILHAMENTO DE DADOS<\/h4>\n<p style=\"text-align: left;\">Por ser\u00a0<span style=\"font-size: 14px; text-align: justify;\">uma empresa de Engenharia Civil que disponibiliza um <\/span><em style=\"font-size: 14px; text-align: justify;\">Site<\/em><span style=\"font-size: 14px; text-align: justify;\"> para informa\u00e7\u00f5es acerca dos servi\u00e7os prestados, formul\u00e1rios de contato e cadastro de curr\u00edculos, a Asis Engenharia poder\u00e1 operar em conjunto com outras empresas em certa gama de atividades, a exemplo de servi\u00e7os de infraestrutura em nuvem, servi\u00e7os de processamento de pagamentos, entre outras. Dessa forma, nos reservamos o direito de compartilhar apenas as informa\u00e7\u00f5es necess\u00e1rias para atingir a finalidade para qual os terceiros ou parceiros foram contratados, visando preservar a sua privacidade.<\/span><span style=\"font-size: 14px; text-align: justify;\">\u00a0<\/span><\/p>\n<p style=\"text-align: left;\">Al\u00e9m disso, a Asis Engenharia poder\u00e1 fornecer seus dados e informa\u00e7\u00f5es sobre voc\u00ea, caso voc\u00ea d\u00ea o consentimento de forma expl\u00edcita ou sejam requisitados judicialmente para tanto, ato necess\u00e1rio para que a empresa esteja em conformidade com as leis nacionais vigentes.<span style=\"font-size: 14px; text-align: left;\">\u00a0<\/span><\/p>\n<h4 style=\"text-align: left;\">8. DURANTE QUANTO TEMPO CONSERVAMOS OS SEUS DADOS PESSOAIS?<\/h4>\n<p style=\"text-align: left;\">N\u00f3s conservamos os dados pessoais dos\u00a0usu\u00e1rios (&#8220;Titulares&#8221;) &#8211; clientes, candidatos etc. &#8211; apenas durante o per\u00edodo estritamente necess\u00e1rio \u00e0 prossecu\u00e7\u00e3o da finalidade para a qual estes foram coletados.<span style=\"font-size: 14px; text-align: left;\">\u00a0<\/span><\/p>\n<p style=\"text-align: left;\">Portanto, todos os dados coletados ser\u00e3o exclu\u00eddos de nosso banco de dados quando voc\u00ea assim requisitar ou quando estes n\u00e3o forem mais necess\u00e1rios ou relevantes para lhe oferecermos os nossos servi\u00e7os, salvo se houver qualquer outra raz\u00e3o para a sua manuten\u00e7\u00e3o, como eventual obriga\u00e7\u00e3o legal de reten\u00e7\u00e3o de dados ou necessidade de preserva\u00e7\u00e3o destes para resguardo de direitos da Asis Engenharia. <span style=\"font-size: 14px; text-align: left;\">\u00a0<\/span><\/p>\n<h4 style=\"text-align: left;\">9. ATUALIZA\u00c7\u00d5ES DA POL\u00cdTICA DE PRIVACIDADE<\/h4>\n<p style=\"text-align: left;\">Nos reservamos o direito de alterar essa Pol\u00edtica quantas vezes forem necess\u00e1rias, visando fornecer aos Titulares cada vez mais privacidade, seguran\u00e7a e conveni\u00eancia. \u00c9 por isso que \u00e9 muito importante voc\u00ea acessar nossa Pol\u00edtica periodicamente.<span style=\"font-size: 14px; text-align: left;\">\u00a0<\/span><\/p>\n<p style=\"text-align: left;\">Para facilitar, sempre indicaremos no in\u00edcio do documento a vers\u00e3o e a data da \u00faltima atualiza\u00e7\u00e3o.<\/p>\n<p style=\"text-align: left;\">Al\u00e9m disso, ao fim desta p\u00e1gina disponibilizamos um reposit\u00f3rio com as vers\u00f5es anteriores.<\/p>\n<h4 style=\"text-align: left;\">10. <em>COOKIES\u00a0<\/em><\/h4>\n<p style=\"text-align: left;\"><span>Os <em>cookies<\/em> s\u00e3o pequenos arquivos de texto que um <em>site<\/em>, quando visitado, grava no computador ou dispositivo m\u00f3vel do Titular , atrav\u00e9s do navegador de internet (<em>browser<\/em>). Os <em>cookies<\/em>\u00a0ajudam o <em>site<\/em> a reconhecer o seu dispositivo numa pr\u00f3xima visita, tornando o carregamento da p\u00e1gina mais eficiente. No entanto, eles n\u00e3o cont\u00eam dados de identifica\u00e7\u00e3o pessoal.<\/span><\/p>\n<p style=\"text-align: left;\"><span style=\"font-size: 14px;\">O <\/span><em style=\"font-size: 14px;\">Site<\/em><span style=\"font-size: 14px;\"> da Asis Engenharia pode usar o armazenamento de\u00a0<\/span><em style=\"font-size: 14px;\">cookies<\/em><span style=\"font-size: 14px;\"> para permitir que voc\u00ea o acesse\u00a0mais rapidamente.<\/span><\/p>\n<p style=\"text-align: left;\"><span style=\"font-size: 14px;\"><span>Todos os <em>browsers<\/em> permitem ao Titular aceitar, recusar ou apagar <em>cookies<\/em>, atrav\u00e9s dos seus respectivos pain\u00e9is de configura\u00e7\u00e3o, geralmente em &#8220;Hist\u00f3rico de Navega\u00e7\u00e3o&#8221;.<\/span><\/span><\/p>\n<p style=\"text-align: left;\">Se voc\u00ea aceitar essa pr\u00e1tica, conforme Pol\u00edtica de Privacidade, simplesmente poder\u00e1 continuar navegando no <em>Site<\/em> da Asis Engenharia. Caso contr\u00e1rio, voc\u00ea poder\u00e1 alterar as configura\u00e7\u00f5es do seu <em>browser<\/em> em rela\u00e7\u00e3o ao armazenamento de <em>cookies <\/em>e voltar a navegar em nosso<em> Site.<\/em><\/p>\n<p style=\"text-align: left;\"><span style=\"color: #333333; font-size: 18px;\">11. LEI APLIC\u00c1VEL<\/span><\/p>\n<p style=\"text-align: left;\">Este documento \u00e9 regido e deve ser interpretado de acordo com as leis brasileiras vigentes, inclusive a <strong><span style=\"text-decoration: underline;\"><a href=\"http:\/\/www.planalto.gov.br\/ccivil_03\/_ato2015-2018\/2018\/lei\/L13709.htm\" target=\"_blank\" rel=\"noopener noreferrer\">LEI N\u00ba 13.709, DE 14 DE AGOSTO DE 2018<\/a><\/span><\/strong>. Fica eleito o Foro da Comarca de S\u00e3o Jos\u00e9 dos Campos\/SP, como o competente para dirimir quaisquer quest\u00f5es porventura oriundas do presente documento, com expressa ren\u00fancia a qualquer outro, por mais privilegiado que seja.<span style=\"font-size: 14px; text-align: left;\">\u00a0<\/span><\/p>\n<h4 style=\"text-align: left;\">12. SEUS DIREITOS<\/h4>\n<p style=\"text-align: left;\">Voc\u00ea, como Titular dos dados informados, poder\u00e1 a qualquer momento solicitar:<\/p>\n<ul style=\"text-align: left;\">\n<li>Acesso aos seus dados;<\/li>\n<li>Retifica\u00e7\u00e3o dos seus dados;<\/li>\n<li>Exclus\u00e3o dos seus dados;<\/li>\n<li>Revoga\u00e7\u00e3o de consentimento;<\/li>\n<li>Oposi\u00e7\u00e3o;<\/li>\n<li>Informa\u00e7\u00f5es sobre poss\u00edveis compartilhamentos;<\/li>\n<li>Portabilidade.<\/li>\n<\/ul>\n<p style=\"text-align: left;\">Para isso, basta nos enviar um <em>e-mail <\/em>para <strong>privacidade<\/strong><span><b>@asisengenharia.com.br,<\/b><\/span> explicando a sua necessidade. Tais solicita\u00e7\u00f5es levar\u00e3o em considera\u00e7\u00e3o a legisla\u00e7\u00e3o brasileira vigente.<\/p>\n<h4 style=\"text-align: left;\">13. COMO VOC\u00ca PODE ENTRAR EM CONTATO CONOSCO?<\/h4>\n<p style=\"text-align: left;\">Estaremos sempre \u00e0 disposi\u00e7\u00e3o para atend\u00ea-lo. Se voc\u00ea desejar obter mais informa\u00e7\u00f5es, ou caso tenha restado alguma d\u00favida sobre essa Pol\u00edtica de Privacidade, por favor, entre em contato conosco atrav\u00e9s do <em>e-mail<\/em><span> <b>privacidade@asisengenharia.com.br<\/b><\/span>.<\/p>\n<p style=\"text-align: left;\"><\/p>[\/et_pb_text][\/et_pb_column][\/et_pb_row][\/et_pb_section][et_pb_section fb_built=&#8221;1&#8243; _builder_version=&#8221;4.2.2&#8243; background_color=&#8221;#a8a8a8&#8243;][et_pb_row _builder_version=&#8221;4.2.2&#8243;][et_pb_column type=&#8221;4_4&#8243; _builder_version=&#8221;4.2.2&#8243;][et_pb_text _builder_version=&#8221;3.27.4&#8243; text_font=&#8221;||||||||&#8221; header_font=&#8221;||||||||&#8221; header_2_font=&#8221;Rubik|700|||||||&#8221; header_2_font_size=&#8221;42px&#8221; header_2_line_height=&#8221;1.2em&#8221; module_alignment=&#8221;center&#8221; min_height=&#8221;28px&#8221; custom_margin=&#8221;||-1px|||&#8221; custom_padding=&#8221;||0px|||&#8221; header_2_font_size_tablet=&#8221;&#8221; header_2_font_size_phone=&#8221;36px&#8221; header_2_font_size_last_edited=&#8221;on|phone&#8221; locked=&#8221;off&#8221;]<h2><span color=\"#ffffff\" style=\"color: #ffffff;\">Reposit\u00f3rio de Pol\u00edticas<\/span><\/h2>[\/et_pb_text][et_pb_divider color=&#8221;#fdd700&#8243; divider_position=&#8221;center&#8221; divider_weight=&#8221;5px&#8221; _builder_version=&#8221;3.26.6&#8243; background_color=&#8221;rgba(0,0,0,0)&#8221; max_width=&#8221;50px&#8221;][\/et_pb_divider][\/et_pb_column][\/et_pb_row][et_pb_row _builder_version=&#8221;4.4.0&#8243;][et_pb_column type=&#8221;4_4&#8243; _builder_version=&#8221;4.2.2&#8243;][et_pb_text _builder_version=&#8221;4.4.0&#8243; text_font=&#8221;|600|||||||&#8221; text_text_color=&#8221;#ffffff&#8221; text_font_size=&#8221;18px&#8221; text_line_height=&#8221;3em&#8221; link_option_url=&#8221;https:\/\/docs.google.com\/document\/d\/e\/2PACX-1vQgQ08eO6wimX71rvp1GZRMBLOG3ILB4WTiBQZthI4txaVc947oNAshg3cOjj2qhYyO4svzh5SLQy0j\/pub&#8221; link_option_url_new_window=&#8221;on&#8221;]<p style=\"text-align: left;\">2020.1 P.P. ASIS &#8211; Vigente at\u00e9 30\/01\/2020<\/p>[\/et_pb_text][et_pb_text _builder_version=&#8221;4.4.0&#8243; text_font=&#8221;|600|||||||&#8221; text_text_color=&#8221;#ffffff&#8221; text_font_size=&#8221;18px&#8221; text_line_height=&#8221;3em&#8221; link_option_url=&#8221;https:\/\/docs.google.com\/document\/d\/e\/2PACX-1vSyHpZq_aQ5YfyB284omzCbCfLS2iTKb5aeA6eB7WhzeGcw3FdWWIKpKzUYrm3a6Teot1MFtDYO7F3l\/pub&#8221; link_option_url_new_window=&#8221;on&#8221;]<p style=\"text-align: left;\">2020.2 P.P. ASIS &#8211; Vigente de 30\/01\/2020 a 09\/03\/2020<\/p>[\/et_pb_text][\/et_pb_column][\/et_pb_row][\/et_pb_section]\n","protected":false},"excerpt":{"rendered":"<p>Pol\u00edtica de Privacidade2020.3 P.P. ASIS &#8211; atualizada em 09\/03\/20201. SOBRE ESTA POL\u00cdTICA N\u00f3s da Asis Engenharia, reconhecemos que a sua privacidade \u00e9 muito importante, portanto, tomamos todas as medidas poss\u00edveis para proteg\u00ea-la, assumindo a responsabilidade de tratar os seus dados pessoais de forma \u00edntegra. Nesse sentido, a presente Pol\u00edtica de Privacidade (\u201cPol\u00edtica\u201d) visa lhe informar [&hellip;]<\/p>\n","protected":false},"author":1,"featured_media":0,"parent":0,"menu_order":0,"comment_status":"closed","ping_status":"closed","template":"","meta":{"_et_pb_use_builder":"on","_et_pb_old_content":"","_et_gb_content_width":"","footnotes":""},"class_list":["post-24685","page","type-page","status-publish","hentry"],"_links":{"self":[{"href":"https:\/\/asisengenharia.com.br\/index.php\/wp-json\/wp\/v2\/pages\/24685","targetHints":{"allow":["GET"]}}],"collection":[{"href":"https:\/\/asisengenharia.com.br\/index.php\/wp-json\/wp\/v2\/pages"}],"about":[{"href":"https:\/\/asisengenharia.com.br\/index.php\/wp-json\/wp\/v2\/types\/page"}],"author":[{"embeddable":true,"href":"https:\/\/asisengenharia.com.br\/index.php\/wp-json\/wp\/v2\/users\/1"}],"replies":[{"embeddable":true,"href":"https:\/\/asisengenharia.com.br\/index.php\/wp-json\/wp\/v2\/comments?post=24685"}],"version-history":[{"count":19,"href":"https:\/\/asisengenharia.com.br\/index.php\/wp-json\/wp\/v2\/pages\/24685\/revisions"}],"predecessor-version":[{"id":25222,"href":"https:\/\/asisengenharia.com.br\/index.php\/wp-json\/wp\/v2\/pages\/24685\/revisions\/25222"}],"wp:attachment":[{"href":"https:\/\/asisengenharia.com.br\/index.php\/wp-json\/wp\/v2\/media?parent=24685"}],"curies":[{"name":"wp","href":"https:\/\/api.w.org\/{rel}","templated":true}]}}