{"id":25162,"date":"2021-05-24T12:00:25","date_gmt":"2021-05-24T15:00:25","guid":{"rendered":"https:\/\/asisengenharia.com.br\/?page_id=25162"},"modified":"2025-04-17T12:41:40","modified_gmt":"2025-04-17T15:41:40","slug":"quem-somos","status":"publish","type":"page","link":"https:\/\/asisengenharia.com.br\/index.php\/quem-somos\/","title":{"rendered":"Quem Somos"},"content":{"rendered":"<p>[et_pb_section fb_built=&#8221;1&#8243; _builder_version=&#8221;4.16&#8243; background_color_gradient_direction=&#8221;151deg&#8221; background_image=&#8221;https:\/\/asisengenharia.com.br\/wp-content\/uploads\/2021\/05\/b-1.png&#8221; min_height=&#8221;1001px&#8221; custom_padding=&#8221;0px||0px|||&#8221; global_colors_info=&#8221;{}&#8221;][et_pb_row _builder_version=&#8221;4.16&#8243; _module_preset=&#8221;default&#8221; transform_scale_tablet=&#8221;&#8221; transform_scale_phone=&#8221;&#8221; transform_scale_last_edited=&#8221;on|phone&#8221; transform_translate_tablet=&#8221;&#8221; transform_translate_phone=&#8221;&#8221; transform_translate_last_edited=&#8221;on|phone&#8221; transform_rotate_tablet=&#8221;&#8221; transform_rotate_phone=&#8221;&#8221; transform_rotate_last_edited=&#8221;on|phone&#8221; transform_skew_tablet=&#8221;&#8221; transform_skew_phone=&#8221;&#8221; transform_skew_last_edited=&#8221;on|phone&#8221; transform_origin_tablet=&#8221;&#8221; transform_origin_phone=&#8221;&#8221; transform_origin_last_edited=&#8221;on|phone&#8221; transform_styles_last_edited=&#8221;on|phone&#8221; vertical_offset_tablet=&#8221;&#8221; vertical_offset_phone=&#8221;&#8221; vertical_offset_last_edited=&#8221;on|phone&#8221; position_origin_a_tablet=&#8221;&#8221; position_origin_a_phone=&#8221;&#8221; position_origin_a_last_edited=&#8221;on|phone&#8221; position_origin_f_tablet=&#8221;&#8221; position_origin_f_phone=&#8221;&#8221; position_origin_f_last_edited=&#8221;on|phone&#8221; position_origin_r_tablet=&#8221;&#8221; position_origin_r_phone=&#8221;&#8221; position_origin_r_last_edited=&#8221;on|phone&#8221; transform_styles_tablet=&#8221;&#8221; transform_styles_phone=&#8221;&#8221; positioning_tablet=&#8221;&#8221; positioning_phone=&#8221;&#8221; positioning_last_edited=&#8221;on|phone&#8221; locked=&#8221;off&#8221; global_colors_info=&#8221;{}&#8221; transform_styles__hover_enabled=&#8221;off|desktop&#8221; transform_scale__hover_enabled=&#8221;off|desktop&#8221; transform_translate__hover_enabled=&#8221;off|desktop&#8221; transform_rotate__hover_enabled=&#8221;off|desktop&#8221; transform_skew__hover_enabled=&#8221;off|desktop&#8221; transform_origin__hover_enabled=&#8221;off|desktop&#8221;][et_pb_column type=&#8221;4_4&#8243; _builder_version=&#8221;4.16&#8243; _module_preset=&#8221;default&#8221; global_colors_info=&#8221;{}&#8221;][et_pb_text _builder_version=&#8221;4.16&#8243; _module_preset=&#8221;b37c22d7-c5c7-45b7-9912-666c3a8a02ec&#8221; text_text_color=&#8221;#000000&#8243; header_text_color=&#8221;#000000&#8243; locked=&#8221;off&#8221; global_colors_info=&#8221;{}&#8221;]<\/p>\n<h2 style=\"text-align: center;\"><strong><span style=\"color: #000000;\">Quem Somos<\/span><\/strong><\/h2>\n<p>[\/et_pb_text][et_pb_divider color=&#8221;#919191&#8243; divider_position=&#8221;center&#8221; divider_weight=&#8221;2px&#8221; _builder_version=&#8221;4.16&#8243; background_color=&#8221;rgba(0,0,0,0)&#8221; module_alignment=&#8221;center&#8221; global_colors_info=&#8221;{}&#8221;][\/et_pb_divider][\/et_pb_column][\/et_pb_row][et_pb_row column_structure=&#8221;1_2,1_2&#8243; _builder_version=&#8221;4.16&#8243; animation_style=&#8221;fade&#8221; global_colors_info=&#8221;{}&#8221;][et_pb_column type=&#8221;1_2&#8243; _builder_version=&#8221;4.16&#8243; global_colors_info=&#8221;{}&#8221;][et_pb_text _builder_version=&#8221;4.16&#8243; _module_preset=&#8221;b37c22d7-c5c7-45b7-9912-666c3a8a02ec&#8221; text_text_color=&#8221;#000000&#8243; header_text_color=&#8221;#000000&#8243; locked=&#8221;off&#8221; global_colors_info=&#8221;{}&#8221;]<\/p>\n<h2 style=\"text-align: left;\"><strong><span style=\"color: #000000;\">Sobre N\u00f3s<\/span><\/strong><\/h2>\n<p>[\/et_pb_text][et_pb_text _builder_version=&#8221;4.16&#8243; text_font=&#8221;||||||||&#8221; text_font_size=&#8221;15px&#8221; text_line_height=&#8221;1.8em&#8221; text_orientation=&#8221;justify&#8221; custom_padding=&#8221;||0px|||&#8221; custom_padding_tablet=&#8221;|40px||40px||true&#8221; custom_padding_last_edited=&#8221;off|desktop&#8221; text_text_align=&#8221;justify&#8221; global_colors_info=&#8221;{}&#8221;]<\/p>\n<p style=\"text-align: justify;\"><span style=\"color: #000000;\">Somos engenheiros com experi\u00eancias em grandes empresas p\u00fablicas e privadas ao longo da nossa trajet\u00f3ria profissional, nas quais atuamos tanto em obras de desenvolvimento urbano, educa\u00e7\u00e3o, sa\u00fade e habita\u00e7\u00e3o, como tamb\u00e9m em empreendimentos residenciais de grande porte com 8 blocos de 25 pavimentos e ampla \u00e1rea de lazer, e obras pesadas de infraestrutura e mobilidade urbana, caracterizadas por t\u00faneis, viadutos, conten\u00e7\u00f5es, pontes, ferrovias, drenagem, pavimenta\u00e7\u00e3o, rede a\u00e9rea de contato, e sistemas eletromec\u00e2nicos, nos empreendimentos do VLT Baixada Santista, Rodovia dos Tamoios e Contorno de Caraguatatuba e S\u00e3o Sebasti\u00e3o.<\/span><\/p>\n<p style=\"text-align: justify;\"><span style=\"color: #000000;\">Desde 2012, j\u00e1 atuamos na produ\u00e7\u00e3o e fiscaliza\u00e7\u00e3o do controle de qualidade, setor de projetos, medi\u00e7\u00e3o junto ao cliente e aos subcontratos, administra\u00e7\u00e3o contratual, gest\u00e3o de riscos, per\u00edcias t\u00e9cnicas judiciais, consultorias e assist\u00eancias t\u00e9cnicas.<\/span><\/p>\n<p style=\"text-align: justify;\"><span style=\"color: #000000;\">Com o &#8220;<em>know-how<\/em>&#8221; adquirido ap\u00f3s essas experi\u00eancias em grandes obras de extrema complexidade, pioneiras e at\u00edpicas, decidimos empreender. Assim, Em 2019 foi fundada a Asis Engenharia Ltda., uma empresa de obras e servi\u00e7os sediada em S\u00e3o Jos\u00e9 dos Campos\/SP.<\/span><\/p>\n<p style=\"text-align: justify;\"><span style=\"color: #000000;\">N\u00f3s da Asis Engenharia, estamos continuamente aprimorando o nosso capital intelectual, agregando especializa\u00e7\u00f5es e cursos espec\u00edficos, al\u00e9m da aprendizagem autodidata, engajados em atender as necessidades dos clientes sempre da melhor forma poss\u00edvel, pois cada um que deposita sua confian\u00e7a em n\u00f3s, merece o melhor servi\u00e7o.<\/span><\/p>\n<p>[\/et_pb_text][\/et_pb_column][et_pb_column type=&#8221;1_2&#8243; _builder_version=&#8221;4.16&#8243; global_colors_info=&#8221;{}&#8221;][et_pb_text _builder_version=&#8221;4.16&#8243; _module_preset=&#8221;b37c22d7-c5c7-45b7-9912-666c3a8a02ec&#8221; text_text_color=&#8221;#000000&#8243; header_text_color=&#8221;#000000&#8243; locked=&#8221;off&#8221; global_colors_info=&#8221;{}&#8221;]<\/p>\n<h2 style=\"text-align: left;\"><strong><span style=\"color: #000000;\">Miss\u00e3o, Vis\u00e3o e Valores<\/span><\/strong><\/h2>\n<p>[\/et_pb_text][et_pb_text _builder_version=&#8221;4.16&#8243; text_font=&#8221;||||||||&#8221; text_text_color=&#8221;#000000&#8243; text_font_size=&#8221;15px&#8221; text_line_height=&#8221;1.8em&#8221; locked=&#8221;off&#8221; global_colors_info=&#8221;{}&#8221;]<\/p>\n<p style=\"text-align: justify;\"><strong><span style=\"text-decoration: underline;\">Miss\u00e3o:<\/span>\u00a0<\/strong>A Asis Engenharia surgiu com a miss\u00e3o de prestar servi\u00e7os de excel\u00eancia, com responsabilidade, para inovar, atender e superar as expectativas dos clientes e parceiros.<\/p>\n<p style=\"text-align: justify;\"><strong><span style=\"text-decoration: underline;\">Vis\u00e3o:<\/span><\/strong>\u00a0<span>Ser refer\u00eancia nacional em servi\u00e7os de engenharia e adquirir a confian\u00e7a e o reconhecimento de pessoas e empresas, pela qualidade e pelo relacionamento transparente, personalizado e sustent\u00e1vel.<\/span><\/p>\n<p style=\"text-align: justify;\"><strong><span style=\"text-decoration: underline;\">Valores:<\/span><\/strong><\/p>\n<ul>\n<li style=\"text-align: justify;\">FOCO NO CLIENTE<br \/>Empatia para entender e atender as necessidades e expectativas;<\/li>\n<li style=\"text-align: justify;\">INOVA\u00c7\u00c3O<br \/>Aprimorar continuamente nosso capital intelectual, em busca da melhoria cont\u00ednua de m\u00e9todos e processos;<\/li>\n<li style=\"text-align: justify;\">RESPONSABILIDADE<br \/>Atendimento \u00e0s leis e normas vigentes, com a utiliza\u00e7\u00e3o das melhores pr\u00e1ticas;<\/li>\n<li style=\"text-align: justify;\">EXCEL\u00caNCIA<br \/>Atendimento aos prazos, com a qualidade e custo esperados, de maneira eficiente e eficaz.<\/li>\n<\/ul>\n<p><span><\/span><\/p>\n<p>&nbsp;<\/p>\n<p>[\/et_pb_text][\/et_pb_column][\/et_pb_row][et_pb_row column_structure=&#8221;1_2,1_2&#8243; _builder_version=&#8221;4.16&#8243; _module_preset=&#8221;default&#8221; global_colors_info=&#8221;{}&#8221;][et_pb_column type=&#8221;1_2&#8243; _builder_version=&#8221;4.16&#8243; _module_preset=&#8221;default&#8221; global_colors_info=&#8221;{}&#8221;][et_pb_team_member name=&#8221;Jos\u00e9 Ramon Vasconcelos Santos&#8221; _builder_version=&#8221;4.16&#8243; _module_preset=&#8221;default&#8221; global_colors_info=&#8221;{}&#8221;]<\/p>\n<p style=\"text-align: justify;\">Engenheiro civil e de seguran\u00e7a do trabalho, respons\u00e1vel t\u00e9cnico da Asis Engenharia, perito judicial pelo TJSP, TJPR e TJSC, graduado pela Universidade Cat\u00f3lica de Santos, especialista em Gest\u00e3o de Projetos (USP\/ESALQ) e em Empreendedorismo e Inova\u00e7\u00e3o Tecnol\u00f3gica nas Engenharias (UNESP\/UNIVESP\/CREA). Atuante desde 2012 em obras de diversos tipos e portes, prestando servi\u00e7os de consultoria e assist\u00eancia t\u00e9cnica em per\u00edcias, avalia\u00e7\u00f5es de im\u00f3veis, regulariza\u00e7\u00f5es, vistorias cautelares de vizinhan\u00e7a, dentre outros.<\/p>\n<p>[\/et_pb_team_member][\/et_pb_column][et_pb_column type=&#8221;1_2&#8243; _builder_version=&#8221;4.16&#8243; _module_preset=&#8221;default&#8221; global_colors_info=&#8221;{}&#8221;][et_pb_team_member name=&#8221;Marianne Brand\u00e3o Medina&#8221; _builder_version=&#8221;4.16&#8243; _module_preset=&#8221;default&#8221; global_colors_info=&#8221;{}&#8221;]<\/p>\n<p style=\"text-align: justify;\">Engenheira civil, respons\u00e1vel t\u00e9cnica da Asis Engenharia, perita judicial pelo TJSP, TJPR e TJSC, graduada pela Universidade Paulista e P\u00f3s-graduada em Estruturas de Concreto e Funda\u00e7\u00f5es pelo INBEC. Possui experi\u00eancia em obras p\u00fablicas, obras de infraestrutura, saneamento e presta\u00e7\u00e3o de servi\u00e7os t\u00e9cnicos de consultoria no Estado de SP. Atuante tamb\u00e9m em assist\u00eancia t\u00e9cnica em per\u00edcias judiciais, avalia\u00e7\u00f5es imobili\u00e1rias, regulariza\u00e7\u00f5es e planejamento de obras e vistorias cautelares de vizinhan\u00e7a.<\/p>\n<p>[\/et_pb_team_member][\/et_pb_column][\/et_pb_row][\/et_pb_section]<\/p>\n","protected":false},"excerpt":{"rendered":"<p>Quem SomosSobre N\u00f3sSomos engenheiros com experi\u00eancias em grandes empresas p\u00fablicas e privadas ao longo da nossa trajet\u00f3ria profissional, nas quais atuamos tanto em obras de desenvolvimento urbano, educa\u00e7\u00e3o, sa\u00fade e habita\u00e7\u00e3o, como tamb\u00e9m em empreendimentos residenciais de grande porte com 8 blocos de 25 pavimentos e ampla \u00e1rea de lazer, e obras pesadas de infraestrutura [&hellip;]<\/p>\n","protected":false},"author":1,"featured_media":0,"parent":0,"menu_order":0,"comment_status":"closed","ping_status":"closed","template":"","meta":{"_et_pb_use_builder":"on","_et_pb_old_content":"","_et_gb_content_width":"","footnotes":""},"class_list":["post-25162","page","type-page","status-publish","hentry"],"_links":{"self":[{"href":"https:\/\/asisengenharia.com.br\/index.php\/wp-json\/wp\/v2\/pages\/25162","targetHints":{"allow":["GET"]}}],"collection":[{"href":"https:\/\/asisengenharia.com.br\/index.php\/wp-json\/wp\/v2\/pages"}],"about":[{"href":"https:\/\/asisengenharia.com.br\/index.php\/wp-json\/wp\/v2\/types\/page"}],"author":[{"embeddable":true,"href":"https:\/\/asisengenharia.com.br\/index.php\/wp-json\/wp\/v2\/users\/1"}],"replies":[{"embeddable":true,"href":"https:\/\/asisengenharia.com.br\/index.php\/wp-json\/wp\/v2\/comments?post=25162"}],"version-history":[{"count":19,"href":"https:\/\/asisengenharia.com.br\/index.php\/wp-json\/wp\/v2\/pages\/25162\/revisions"}],"predecessor-version":[{"id":26060,"href":"https:\/\/asisengenharia.com.br\/index.php\/wp-json\/wp\/v2\/pages\/25162\/revisions\/26060"}],"wp:attachment":[{"href":"https:\/\/asisengenharia.com.br\/index.php\/wp-json\/wp\/v2\/media?parent=25162"}],"curies":[{"name":"wp","href":"https:\/\/api.w.org\/{rel}","templated":true}]}}