{"id":25950,"date":"2023-09-25T21:30:33","date_gmt":"2023-09-26T00:30:33","guid":{"rendered":"https:\/\/asisengenharia.com.br\/?page_id=25950"},"modified":"2023-10-16T09:17:53","modified_gmt":"2023-10-16T12:17:53","slug":"lili-vendas-com","status":"publish","type":"page","link":"https:\/\/asisengenharia.com.br\/index.php\/lili-vendas-com\/","title":{"rendered":"Lili Vendas.com"},"content":{"rendered":"<p>[et_pb_section fb_built=&#8221;1&#8243; _builder_version=&#8221;4.21.0&#8243; background_color=&#8221;#5c005e&#8221; background_color_gradient_direction=&#8221;151deg&#8221; background_enable_image=&#8221;off&#8221; min_height=&#8221;1001px&#8221; custom_padding=&#8221;0px||0px|||&#8221; global_colors_info=&#8221;{}&#8221;][et_pb_row _builder_version=&#8221;4.16&#8243; _module_preset=&#8221;default&#8221; transform_scale_tablet=&#8221;&#8221; transform_scale_phone=&#8221;&#8221; transform_scale_last_edited=&#8221;on|phone&#8221; transform_translate_tablet=&#8221;&#8221; transform_translate_phone=&#8221;&#8221; transform_translate_last_edited=&#8221;on|phone&#8221; transform_rotate_tablet=&#8221;&#8221; transform_rotate_phone=&#8221;&#8221; transform_rotate_last_edited=&#8221;on|phone&#8221; transform_skew_tablet=&#8221;&#8221; transform_skew_phone=&#8221;&#8221; transform_skew_last_edited=&#8221;on|phone&#8221; transform_origin_tablet=&#8221;&#8221; transform_origin_phone=&#8221;&#8221; transform_origin_last_edited=&#8221;on|phone&#8221; transform_styles_last_edited=&#8221;on|phone&#8221; vertical_offset_tablet=&#8221;&#8221; vertical_offset_phone=&#8221;&#8221; vertical_offset_last_edited=&#8221;on|phone&#8221; position_origin_a_tablet=&#8221;&#8221; position_origin_a_phone=&#8221;&#8221; position_origin_a_last_edited=&#8221;on|phone&#8221; position_origin_f_tablet=&#8221;&#8221; position_origin_f_phone=&#8221;&#8221; position_origin_f_last_edited=&#8221;on|phone&#8221; position_origin_r_tablet=&#8221;&#8221; position_origin_r_phone=&#8221;&#8221; position_origin_r_last_edited=&#8221;on|phone&#8221; transform_styles_tablet=&#8221;&#8221; transform_styles_phone=&#8221;&#8221; positioning_tablet=&#8221;&#8221; positioning_phone=&#8221;&#8221; positioning_last_edited=&#8221;on|phone&#8221; locked=&#8221;off&#8221; global_colors_info=&#8221;{}&#8221; transform_styles__hover_enabled=&#8221;off|desktop&#8221; transform_scale__hover_enabled=&#8221;off|desktop&#8221; transform_translate__hover_enabled=&#8221;off|desktop&#8221; transform_rotate__hover_enabled=&#8221;off|desktop&#8221; transform_skew__hover_enabled=&#8221;off|desktop&#8221; transform_origin__hover_enabled=&#8221;off|desktop&#8221;][et_pb_column type=&#8221;4_4&#8243; _builder_version=&#8221;4.16&#8243; _module_preset=&#8221;default&#8221; global_colors_info=&#8221;{}&#8221;][et_pb_text _builder_version=&#8221;4.22.1&#8243; _module_preset=&#8221;b37c22d7-c5c7-45b7-9912-666c3a8a02ec&#8221; text_text_color=&#8221;#000000&#8243; header_text_color=&#8221;#000000&#8243; locked=&#8221;off&#8221; global_colors_info=&#8221;{}&#8221;]<\/p>\n<h2 style=\"text-align: center;\"><span style=\"color: #ffffff;\"><strong>Aviso Especial: Ganhe um Vale Presente para usar na loja LILI VENDAS.COM<\/strong><\/span><\/h2>\n<p>[\/et_pb_text][et_pb_divider color=&#8221;#919191&#8243; divider_position=&#8221;center&#8221; divider_weight=&#8221;2px&#8221; _builder_version=&#8221;4.16&#8243; background_color=&#8221;rgba(0,0,0,0)&#8221; module_alignment=&#8221;center&#8221; global_colors_info=&#8221;{}&#8221;][\/et_pb_divider][\/et_pb_column][\/et_pb_row][et_pb_row _builder_version=&#8221;4.21.0&#8243; animation_style=&#8221;fade&#8221; global_colors_info=&#8221;{}&#8221;][et_pb_column type=&#8221;4_4&#8243; _builder_version=&#8221;4.16&#8243; global_colors_info=&#8221;{}&#8221;][et_pb_image src=&#8221;https:\/\/asisengenharia.com.br\/wp-content\/uploads\/2023\/09\/liliv.jpg&#8221; url=&#8221;https:\/\/www.lilivendas.com.br\/&#8221; url_new_window=&#8221;on&#8221; align=&#8221;center&#8221; _builder_version=&#8221;4.22.1&#8243; _module_preset=&#8221;default&#8221; animation_style=&#8221;fade&#8221; global_colors_info=&#8221;{}&#8221;][\/et_pb_image][et_pb_text _builder_version=&#8221;4.21.0&#8243; _module_preset=&#8221;b37c22d7-c5c7-45b7-9912-666c3a8a02ec&#8221; text_text_color=&#8221;#000000&#8243; header_text_color=&#8221;#000000&#8243; locked=&#8221;off&#8221; global_colors_info=&#8221;{}&#8221;]<\/p>\n<h2 style=\"text-align: left;\"><span style=\"color: #ffffff;\"><strong>Prezados Clientes,<\/strong><\/span><\/h2>\n<p>[\/et_pb_text][et_pb_text _builder_version=&#8221;4.21.0&#8243; text_font=&#8221;||||||||&#8221; text_font_size=&#8221;15px&#8221; text_line_height=&#8221;1.8em&#8221; text_orientation=&#8221;justify&#8221; custom_padding=&#8221;0px||0px|||&#8221; custom_padding_tablet=&#8221;|40px||40px||true&#8221; custom_padding_last_edited=&#8221;off|desktop&#8221; text_text_align=&#8221;justify&#8221; global_colors_info=&#8221;{}&#8221;]<\/p>\n<p><span style=\"color: #ffffff;\">\u00c9 com grande satisfa\u00e7\u00e3o que informamos a voc\u00eas nossa parceria com a <span style=\"text-decoration: underline; color: #99ccff;\"><strong><a href=\"https:\/\/www.lilivendas.com.br\/\" target=\"_blank\" rel=\"noopener\" style=\"color: #99ccff; text-decoration: underline;\">LILI VENDAS.COM<\/a><\/strong><\/span>.<\/span><\/p>\n<p><span style=\"color: #ffffff;\">Com vasta experi\u00eancia no e-commerce a <span style=\"text-decoration: underline; color: #99ccff;\"><strong><a href=\"https:\/\/www.lilivendas.com.br\/\" target=\"_blank\" rel=\"noopener\" style=\"color: #99ccff; text-decoration: underline;\">LILI VENDAS.COM<\/a><\/strong><\/span> se destaca pela excel\u00eancia no atendimento e pre\u00e7os diferenciados da concorr\u00eancia. Com destaque em produtos oficiais DJI, Apple, Intelbras, Samsung, Motorola e Servi\u00e7os atrav\u00e9s de seus Parceiros Oficiais.<\/span><\/p>\n<p><span style=\"color: #ffffff;\">A partir de agora, os clientes (pessoas f\u00edsicas) da Asis Engenharia poder\u00e3o desfrutar de vantagens \u00fanicas ao contratar servi\u00e7os conosco, ganhando um <strong>VALE PRESENTE <\/strong>que pode chegar at\u00e9 R$ 1.500,00, para adquirir produtos atrav\u00e9s da loja parceira.<\/span><\/p>\n<p><span style=\"color: #ffffff;\">Essa parceria representa mais um passo em nosso comprometimento com a satisfa\u00e7\u00e3o plena de nossos clientes. Acreditamos que com a sinergia entre Asis Engenharia e <span style=\"text-decoration: underline; color: #99ccff;\"><strong><a href=\"https:\/\/www.lilivendas.com.br\/\" target=\"_blank\" rel=\"noopener\" style=\"color: #99ccff; text-decoration: underline;\">LILI VENDAS.COM<\/a><\/strong><\/span>, estaremos elevando o padr\u00e3o de qualidade de nossos servi\u00e7os e oferecendo uma experi\u00eancia \u00fanica.<\/span><\/p>\n<p><span style=\"color: #ffffff;\"><\/span><\/p>\n<p>\u00a0<span style=\"color: #ffffff;\">Agradecemos a confian\u00e7a depositada em nosso trabalho e estamos \u00e0 disposi\u00e7\u00e3o para quaisquer esclarecimentos adicionais.<\/span><\/p>\n<p><span style=\"color: #ffffff;\"><\/span><\/p>\n<p><span style=\"color: #ffffff;\">Atenciosamente,<\/span><\/p>\n<p><span style=\"color: #ffffff;\">Equipe Asis Engenharia.<\/span><span style=\"color: #ffffff;\"><\/span><\/p>\n<p><span style=\"color: #ffffff;\"><\/span><\/p>\n<p><span style=\"color: #ffffff;\"><\/span><\/p>\n<p><span style=\"color: #ffffff;\"><\/span><\/p>\n<p><span style=\"color: #ffffff;\"><\/span><\/p>\n<p><span style=\"color: #ffffff;\"><\/span><\/p>\n<p><span style=\"color: #ffffff;\"><\/span><\/p>\n<p><span style=\"color: #ffffff;\">ATEN\u00c7\u00c3O: As pol\u00edticas referentes ao uso do Vale Presente s\u00e3o de inteira responsabilidade da loja parceira. Consulte-as pelo link abaixo.<\/span><\/p>\n<p><strong><span style=\"text-decoration: underline;\"><a href=\"https:\/\/www.lilivendas.com.br\/m\/vale-presente-asis-engenharia\"><span style=\"color: #ffffff; text-decoration: underline;\">https:\/\/www.lilivendas.com.br\/m\/vale-presente-asis-engenharia<\/span><\/a><\/span><\/strong><\/p>\n<p>&nbsp;<\/p>\n<p><span style=\"color: #ffffff;\"><\/span><\/p>\n<p><span style=\"color: #ffffff;\"><\/span><\/p>\n<p><span style=\"color: #ffffff;\"><\/span><\/p>\n<p><span style=\"color: #ffffff;\"><\/span><\/p>\n<p>[\/et_pb_text][\/et_pb_column][\/et_pb_row][\/et_pb_section]<\/p>\n","protected":false},"excerpt":{"rendered":"<p>Aviso Especial: Ganhe um Vale Presente para usar na loja LILI VENDAS.COMPrezados Clientes,\u00c9 com grande satisfa\u00e7\u00e3o que informamos a voc\u00eas nossa parceria com a LILI VENDAS.COM. Com vasta experi\u00eancia no e-commerce a LILI VENDAS.COM se destaca pela excel\u00eancia no atendimento e pre\u00e7os diferenciados da concorr\u00eancia. Com destaque em produtos oficiais DJI, Apple, Intelbras, Samsung, Motorola [&hellip;]<\/p>\n","protected":false},"author":1,"featured_media":0,"parent":0,"menu_order":0,"comment_status":"closed","ping_status":"closed","template":"","meta":{"_et_pb_use_builder":"on","_et_pb_old_content":"","_et_gb_content_width":"","footnotes":""},"class_list":["post-25950","page","type-page","status-publish","hentry"],"_links":{"self":[{"href":"https:\/\/asisengenharia.com.br\/index.php\/wp-json\/wp\/v2\/pages\/25950","targetHints":{"allow":["GET"]}}],"collection":[{"href":"https:\/\/asisengenharia.com.br\/index.php\/wp-json\/wp\/v2\/pages"}],"about":[{"href":"https:\/\/asisengenharia.com.br\/index.php\/wp-json\/wp\/v2\/types\/page"}],"author":[{"embeddable":true,"href":"https:\/\/asisengenharia.com.br\/index.php\/wp-json\/wp\/v2\/users\/1"}],"replies":[{"embeddable":true,"href":"https:\/\/asisengenharia.com.br\/index.php\/wp-json\/wp\/v2\/comments?post=25950"}],"version-history":[{"count":16,"href":"https:\/\/asisengenharia.com.br\/index.php\/wp-json\/wp\/v2\/pages\/25950\/revisions"}],"predecessor-version":[{"id":26000,"href":"https:\/\/asisengenharia.com.br\/index.php\/wp-json\/wp\/v2\/pages\/25950\/revisions\/26000"}],"wp:attachment":[{"href":"https:\/\/asisengenharia.com.br\/index.php\/wp-json\/wp\/v2\/media?parent=25950"}],"curies":[{"name":"wp","href":"https:\/\/api.w.org\/{rel}","templated":true}]}}